{"id":6188,"date":"2016-05-31T13:43:34","date_gmt":"2016-05-31T11:43:34","guid":{"rendered":"http:\/\/www.paulinasfriends.com\/impressum\/?lang=en"},"modified":"2026-02-02T23:58:50","modified_gmt":"2026-02-02T22:58:50","slug":"imprint","status":"publish","type":"page","link":"https:\/\/www.paulinasfriends.com\/en\/imprint\/","title":{"rendered":"Imprint"},"content":{"rendered":"<p>[et_pb_section fb_built=&#8221;1&#8243; admin_label=&#8221;section&#8221; _builder_version=&#8221;4.16&#8243; global_colors_info=&#8221;{}&#8221;][et_pb_row admin_label=&#8221;row&#8221; _builder_version=&#8221;4.16&#8243; background_size=&#8221;initial&#8221; background_position=&#8221;top_left&#8221; background_repeat=&#8221;repeat&#8221; global_colors_info=&#8221;{}&#8221;][et_pb_column type=&#8221;4_4&#8243; _builder_version=&#8221;4.16&#8243; custom_padding=&#8221;|||&#8221; global_colors_info=&#8221;{}&#8221; custom_padding__hover=&#8221;|||&#8221;][et_pb_text admin_label=&#8221;Text&#8221; _builder_version=&#8221;4.24.0&#8243; background_size=&#8221;initial&#8221; background_position=&#8221;top_left&#8221; background_repeat=&#8221;repeat&#8221; hover_enabled=&#8221;0&#8243; global_colors_info=&#8221;{}&#8221; sticky_enabled=&#8221;0&#8243;]<\/p>\n<p data-start=\"1237\" data-end=\"1253\"><strong data-start=\"1237\" data-end=\"1253\">Legal Notice<\/strong><\/p>\n<p data-start=\"1255\" data-end=\"1369\">PAULINA\u2019S FRIENDS Universe LLC<br data-start=\"1285\" data-end=\"1288\" \/>1209 Mountain Road Pl NE, Ste N<br data-start=\"1319\" data-end=\"1322\" \/>Albuquerque, New Mexico 87110<br data-start=\"1351\" data-end=\"1354\" \/>United States<\/p>\n<p data-start=\"1371\" data-end=\"1397\">EIN (Tax ID): 37-2215284<\/p>\n<p data-start=\"1399\" data-end=\"1468\">Email: <a class=\"decorated-link cursor-pointer\" rel=\"noopener\" data-start=\"1406\" data-end=\"1431\">hello@paulinasfriends.com<\/a><br data-start=\"1431\" data-end=\"1434\" \/>Website: <a class=\"decorated-link\" href=\"http:\/\/www.paulinasfriends.com\" target=\"_new\" rel=\"noopener\" data-start=\"1443\" data-end=\"1466\">www.paulinasfriends.com<\/a><\/p>\n<p data-start=\"1470\" data-end=\"1509\">Managing Member:<br data-start=\"1486\" data-end=\"1489\" \/>Paulina Tsvetanova<\/p>\n<hr data-start=\"1511\" data-end=\"1514\" \/>\n<p data-start=\"1516\" data-end=\"1539\"><strong data-start=\"1516\" data-end=\"1539\">Jurisdiction Notice<\/strong><\/p>\n<p data-start=\"1541\" data-end=\"1720\">This website is operated by a U.S. company.<br data-start=\"1584\" data-end=\"1587\" \/>It is <strong data-start=\"1593\" data-end=\"1651\">not directed to users in Germany or the European Union<\/strong>.<br data-start=\"1652\" data-end=\"1655\" \/>No services are offered under German or EU media or consumer law.<\/p>\n<p>[\/et_pb_text][\/et_pb_column][\/et_pb_row][\/et_pb_section]<\/p>\n","protected":false},"excerpt":{"rendered":"<p>Legal Notice PAULINA\u2019S FRIENDS Universe LLC1209 Mountain Road Pl NE, Ste NAlbuquerque, New Mexico 87110United States EIN (Tax ID): 37-2215284 Email: hello@paulinasfriends.comWebsite: www.paulinasfriends.com Managing Member:Paulina Tsvetanova Jurisdiction Notice This website is operated by a U.S. company.It is not directed to users in Germany or the European Union.No services are offered under German or EU media [&hellip;]<\/p>\n","protected":false},"author":1,"featured_media":0,"parent":0,"menu_order":0,"comment_status":"closed","ping_status":"closed","template":"","meta":{"_et_pb_use_builder":"on","_et_pb_old_content":"<p style=\"text-align: justify;\"><strong>Concernin<b class=\"b1\">g <\/b><b class=\"b2\">the cont<\/b><b class=\"b3\">ent<\/b><b class=\"b4\">s responsible a<\/b><b class=\"b3\">cco<\/b><b class=\"b2\">rding t<\/b><b class=\"b3\">o<\/b> \u00a7 55 RfStV and \u00a7 5 TMG:<\/strong><\/p>\r\n<p style=\"text-align: justify;\">Paulina Tsvetanova\r\nGormannstr. 25\r\n10119 Berlin\r\nTel: 030 95602834\r\nhello@paulinasfriends.com\r\nwww.paulinasfriends.com\r\nVAT.-IdNr.: 63 809 247 054\r\nVAT Nr: 34\/564\/02270<\/p>\r\nBank account:\r\nIBAN: DE64 2004 1144 0439 7493 00\r\nBIC: COBADEHD044\r\nBank: comdirect\r\n<p style=\"text-align: justify;\"><strong>Design\u00a0& Production:<\/strong>\r\nPyro Design\r\nRoman Jekow\r\nwww.pyro-design.com<\/p>\r\n<p style=\"text-align: justify;\"><strong>Texts:\u00a0<\/strong>Paulina Tsvetanova<\/p>\r\n\r\n<h5 style=\"text-align: justify;\"><b>Data Privacy Statement (currently only in German)<\/b><\/h5>\r\n<h5 style=\"text-align: justify;\"><b>Datenschutzerkl\u00e4rung<\/b><\/h5>\r\n<p style=\"text-align: justify;\"><strong>Grundsatz<\/strong><\/p>\r\n<p style=\"text-align: justify;\">Wir legen gro\u00dfen Wert auf den Schutz Ihrer Daten und verpflichten uns, die Privatsph\u00e4re aller Personen zu sch\u00fctzen, die unser Angebot in Anspruch nehmen und deren pers\u00f6nlichen Daten vertraulich zu behandeln.<\/p>\r\n<p style=\"text-align: justify;\">Sie k\u00f6nnen unseren Internetauftritt besuchen, ohne Angaben zu Ihrer Person zu machen. Wir speichern ausschlie\u00dflich Zugriffsdaten ohne Personenbezug. Diese Daten werden ausschlie\u00dflich zur Verbesserung unseres Angebotes ausgewertet und erlauben keinen R\u00fcckschluss auf Ihre Person. Personenbezogene Daten werden nur erhoben, wenn Sie uns diese im Rahmen Ihres Besuchs unseres Internetauftritts freiwillig mitteilen.<\/p>\r\n<p style=\"text-align: justify;\">Wir sichern unsere Webseite und sonstigen Systeme durch technische und organisatorische Ma\u00dfnahmen gegen Verlust, Zerst\u00f6rung, Zugriff, Ver\u00e4nderung oder Verbreitung Ihrer Daten durch unbefugte Personen. Trotz regelm\u00e4\u00dfiger Kontrollen ist ein vollst\u00e4ndiger Schutz gegen alle Gefahren jedoch nicht m\u00f6glich.<\/p>\r\n<p style=\"text-align: justify;\"><strong>Weitergabe personenbezogener Daten<\/strong><\/p>\r\n<p style=\"text-align: justify;\">Wir verwenden die von Ihnen mitgeteilten Daten zur Erf\u00fcllung und Abwicklung Ihrer Bestellung. Eine Weitergabe Ihrer Daten erfolgt an das mit der Lieferung beauftragte Versandunternehmen, soweit dies zur Lieferung der Waren notwendig ist. Zur Abwicklung von Zahlungen geben wir Ihre Zahlungsdaten ggf. an unsere Hausbank und an das mit der Zahlung beauftragte Kreditinstitut weiter. Eine Weitergabe Ihrer Daten an sonstige Dritte oder eine Nutzung zu Werbezwecken erfolgt nicht. Mit vollst\u00e4ndiger Abwicklung des Vertrages und vollst\u00e4ndiger Kaufpreiszahlung werden Ihre Daten f\u00fcr die weitere Verwendung gesperrt und nach Ablauf der steuer- und handelsrechtlichen Aufbewahrungsfristen gel\u00f6scht.<\/p>\r\n<p style=\"text-align: justify;\"><strong>Datensicherheit<\/strong><\/p>\r\n<p style=\"text-align: justify;\">Ihre personenbezogenen Daten werden im Bestellprozess verschl\u00fcsselt mittels SSL Verschl\u00fcsselung \u00fcber das Internet \u00fcbertragen. Wir sichern unsere Webseite und sonstigen Systeme durch technische und organisatorische Ma\u00dfnahmen gegen Verlust, Zerst\u00f6rung, Zugriff, Ver\u00e4nderung oder Verbreitung Ihrer Daten durch unbefugte Personen.<\/p>\r\n<p style=\"text-align: justify;\"><strong>Newsletter<\/strong><\/p>\r\n<p style=\"text-align: justify;\">Wenn Sie unseren Newsletter beziehen m\u00f6chten, ben\u00f6tigen wir daf\u00fcr Ihre E-Mail-Adresse, mit der Sie sich registrieren m\u00fcssen, alle anderen Angaben erfolgen freiwillig. Die E-Mail-Adresse verwenden wir nur, um Ihnen den Newsletter zuzusenden. Die Abmeldung ist selbstverst\u00e4ndlich jederzeit m\u00f6glich. Bitte verwenden Sie daf\u00fcr den vorgesehenen Link im Newsletter oder senden Sie eine entsprechende Email-Nachricht an folgende Adresse: hello@paulinasfriends.com Unser Newsletter enth\u00e4lt Angebote und Informationen von PAULINA\u2019S FRIENDS.<\/p>\r\n<p style=\"text-align: justify;\"><strong>Verwendung von Cookies<\/strong><\/p>\r\n<p style=\"text-align: justify;\">Um den Besuch unserer Webseite nutzungsfreundlicher, attraktiv und sicher zu gestalten und die Nutzung bestimmter Funktionen zu erm\u00f6glichen, verwenden wir auf verschiedenen Seiten sogenannte Cookies. Cookies sind kleine Textdateien, welche auf Ihrem Endger\u00e4t abgelegt werden. Die meisten der von uns verwendeten Cookies werden nach dem Ende der Browser-Sitzung von uns wieder gel\u00f6scht (Sitzungs-Cookies). Einige Cookies verbleiben auf Ihrem Endger\u00e4t und erm\u00f6glichen uns, Ihren Browser beim n\u00e4chsten Besuch wiederzuerkennen (dauerhafte Cookies). Sie k\u00f6nnen Ihren Browser jedoch so einstellen, dass Sie \u00fcber ein Einsetzen von Cookies informiert werden und in jedem Fall die Annahme entscheiden oder dass Sie die Annahme von Cookies grunds\u00e4tzlich ausschlie\u00dfen; die Funktionalit\u00e4t unserer Webseite kann dann eingeschr\u00e4nkt sein.<\/p>\r\n<p style=\"text-align: justify;\"><strong>Webanalyse durch Google Analytics<\/strong><\/p>\r\n<p style=\"text-align: justify;\">Diese Webseite benutzt Google Analytics, einen Webanalysedienst der Google Inc. (\u201cGoogle\u201d). Google Analytics verwendet \u201cCookies\u201d (siehe oben). Die durch den Cookie erzeugten Informationen \u00fcber Ihre Benutzung dieser Webseite (einschlie\u00dflich Ihrer IP-Adresse) wird an einen Server von Google in den USA \u00fcbertragen und dort gespeichert.<\/p>\r\n<p style=\"text-align: justify;\">Google wird diese Informationen benutzen, um Ihre Nutzung der Webseite auszuwerten, um Berichte \u00fcber die Webseiteaktivit\u00e4ten f\u00fcr die Webseitebetreiber zusammenzustellen und um weitere mit der Webseitenutzung und der Internetnutzung verbundene Dienstleistungen zu erbringen. Auch wird Google diese Informationen gegebenenfalls an Dritte \u00fcbertragen, sofern dies gesetzlich vorgeschrieben oder soweit Dritte diese Daten im Auftrag von Google verarbeiten. Google wird in keinem Fall Ihre IP-Adresse mit anderen Daten der Google in Verbindung bringen.<\/p>\r\n<p style=\"text-align: justify;\">Sie k\u00f6nnen die Installation der Cookies durch eine entsprechende Einstellung Ihrer Browser Software verhindern (siehe oben). Durch die Nutzung dieser Webseite erkl\u00e4ren Sie sich mit der Bearbeitung der \u00fcber Sie erhobenen Daten durch Google in der zuvor beschriebenen Art und Weise und zu dem zuvor benannten Zweck einverstanden.<\/p>\r\n<p style=\"text-align: justify;\">Hinweis: Die datenschutzkonforme Verwendung von Google Analytics ist nach Auffassung der deutschen Datenschutzbeh\u00f6rden nur unter Beachtung der folgenden Punkte m\u00f6glich: 1. Vertrag zur Auftragsdatenverarbeitung mit Google (Download), 2. Anonymisierung der IP-Adressen, 3. Widerspruchsrecht der Betroffenen, 4. angepasster Datenschutzhinweis (wie vorstehend) 5. L\u00f6schung von Altdaten (bestehende Google Analytics Profile)<\/p>\r\n<p style=\"text-align: justify;\"><strong>Facebook Plug-ins<\/strong><\/p>\r\n<p style=\"text-align: justify;\">Diese Webseite enth\u00e4lt sogenannte Social Plug-ins (Plug-ins) des sozialen Netzwerkes Facebook der Facebook Inc., 1601 S. California Ave, Palo Alto, CA 94304, USA (Facebook). Die Plug-ins sind mit einem Facebook-Logo oder dem Zusatz \u201cSoziales Plug-in von Facebook\u201dkenntlich gemacht.<\/p>\r\n<p style=\"text-align: justify;\">Wenn Sie eine Seite unseres Webauftritts aufrufen, die ein solches Plugin enth\u00e4lt, baut Ihr Browser eine direkte Verbindung mit den Servern von Facebook auf. Der Inhalt des Plug-ins wird von Facebook direkt an Ihren Browser \u00fcbermittelt und von diesem in die Webseite eingebunden. Dadurch erh\u00e4lt Facebook die Information, dass Ihr Browser die Seite unseres Webauftritts aufgerufen hat. Diese Information sowie Ihre IP-Adresse werden von Ihrem Browser direkt an einen Server von Facebook weitergeleitet und dort gespeichert.<\/p>\r\n<p style=\"text-align: justify;\">Wenn Sie bei Facebook eingeloggt sind, kann Facebook den Webseitebesuch Ihrem Facebookkonto zuordnen. Durch Interaktion mit den Plug-ins, wenn Sie etwa den \u201cGef\u00e4llt mir\u201d-Button bet\u00e4tigen, wird eine entsprechende Information direkt an einen Server von Facebook \u00fcbermittelt, dort gespeichert, auf Facebook ver\u00f6ffentlicht und Ihren Facebook-Freunden angezeigt, wobei Facebook diese Informationen zum Zwecke der Marktforschung, Werbung, und bedarfsgerechten Gestaltung der Facebook-Seiten benutzen kann. Daf\u00fcr werden von Facebook bestimmte Profile, d. h. Nutzungs-, Interessen- und Beziehungsprofile erstellt, z. B. um Ihren Besuch unserer Webseite bez\u00fcglich der Ihnen bei Facebook eingeblendeten Werbung auszuwerten, um andere Facebook-Besucher \u00fcber Ihre Handlungen auf unserer Webseite zu informieren und um andere mit der Nutzung von Facebook verbundene Dienstleistungen zu erbringen.<\/p>\r\n<p style=\"text-align: justify;\">Wenn Sie vermeiden m\u00f6chten, dass Facebook die Daten Ihrem Facebook-Konto zuordnet, m\u00fcssen Sie sich vor Ihrem Besuch unserer Webseite unter Ihrem Facebook-Account ausloggen. Zweck und Umfang der Datenerhebung durch Facebook und die weitere Verarbeitung und Nutzung der Daten durch Facebook sowie Ihre diesbez\u00fcglichen Rechte und Einstellungsm\u00f6glichkeiten zum Schutz Ihrer Privatsph\u00e4re entnehmen Sie bitte den Datenschutzhinweisen von Facebook<\/p>\r\n<p style=\"text-align: justify;\"><strong>Google+<\/strong>\r\nWir verwenden au\u00dferdem Verweise auf das externe soziale Netzwerk \u201eGoogle+\u201c der Google Inc. 1600 Amphitheatre Parkway, Mountain View, CA 94043, USA (Google), auf unserer Webseite gekennzeichnet durch folgende Verweise: Google+-Logo oder Zusatz \u201e+ 1\u201d.<\/p>\r\n<p style=\"text-align: justify;\">Wenn Sie diesen Verweisen durch einen Klick folgen, werden die Google-Plugins aktiviert und Ihr Browser stellt eine direkte Verbindung mit den Servern von Google her. Falls Sie in dieser Zeit in Ihrem Google+ Benutzerkonto eingeloggt sind, wird die Information, dass Sie unsere Webseite besucht haben, an Google weitergeleitet. Den Besuch der Webseite kann Google Ihrem Konto zuordnen. Diese Informationen werden bei Google gespeichert. Sie k\u00f6nnen dies verhindern, indem Sie sich vor Anklicken der Verweise aus Ihrem Google+-Account ausloggen. Zweck und Umfang der Datenerhebung durch Google+ sowie die dortige weitere Verarbeitung und Nutzung Ihrer Daten wie auch Ihre diesbez\u00fcglichen Rechte und Einstellungsm\u00f6glichkeiten zum Schutz Ihrer Privatsph\u00e4re entnehmen Sie bitte den Datenschutzhinweisen von Google+.<\/p>\r\n<p style=\"text-align: justify;\"><strong>Instagram<\/strong><\/p>\r\n<p style=\"text-align: justify;\">Auf unseren Seiten sind Funktionen des Dienstes Instagram eingebunden. Diese Funktionen werden angeboten durch die Instagram Inc., 1601 Willow Road, Menlo Park, CA, 94025, USA integriert. Wenn Sie in Ihrem Instagram - Account eingeloggt sind k\u00f6nnen Sie durch Anklicken des Instagram - Buttons die Inhalte unserer Seiten mit Ihrem Instagram - Profil verlinken. Dadurch kann Instagram den Besuch unserer Seiten Ihrem Benutzerkonto zuordnen. Wir weisen darauf hin, dass wir als Anbieter der Seiten keine Kenntnis vom Inhalt der \u00fcbermittelten Daten sowie deren Nutzung durch Instagram erhalten.\u00a0Weitere Informationen hierzu finden Sie in der Datenschutzerkl\u00e4rung von Instagram:http:\/\/instagram.com\/about\/legal\/privacy\/<\/p>\r\n<p style=\"text-align: justify;\"><strong>Pinterest<\/strong><\/p>\r\n<p style=\"text-align: justify;\">Auf unserer Seite verwenden wir Social Plugins des sozialen Netzwerkes Pinterest, das von der Pinterest Inc., 635 High Street, Palo Alto, CA, 94301, USA (\"Pinterest\") betrieben wird. Wenn Sie eine Seite aufrufen die ein solches Plugin enth\u00e4lt, stellt Ihr Browser eine direkte Verbindung zu den Servern von Pinterest her. Das Plugin \u00fcbermittelt dabei Protokolldaten an den Server von Pinterest in die USA. Diese Protokolldaten enthalten m\u00f6glicherweise Ihre IP-Adresse, die Adresse der besuchten Websites, die ebenfalls Pinterest-Funktionen enthalten, Art und Einstellungen des Browsers, Datum und Zeitpunkt der Anfrage, Ihre Verwendungsweise von Pinterest sowie Cookies.\u00a0Weitere Informationen zu Zweck, Umfang und weiterer Verarbeitung und Nutzung der Daten durch Pinterest sowie Ihre diesbez\u00fcglichen Rechte und M\u00f6glichkeiten zum Schutz Ihrer Privatsph\u00e4re finden Sie in den den Datenschutzhinweisen von Pinterest: https:\/\/about.pinterest.com\/de\/privacy-policy<\/p>\r\n<p style=\"text-align: justify;\"><strong>Weitere Informationen und Datenschutzbeauftragte<\/strong><\/p>\r\n<p style=\"text-align: justify;\">Sie haben ein Recht auf unentgeltliche Auskunft \u00fcber Ihre gespeicherten Daten sowie ggf. ein Recht auf Berichtigung, Sperrung oder L\u00f6schung dieser Daten. Bitte wenden Sie sich hierzu an den Datenschutzbeauftragten.<\/p>\r\n<p style=\"text-align: justify;\">Bei Fragen zur Erhebung, Verarbeitung oder Nutzung Ihrer personenbezogenen Daten, bei Ausk\u00fcnften, Berichtigung, Sperrung oder L\u00f6schung von Daten sowie Widerruf erteilter Einwilligungen wenden Sie sich bitte schriftlich an die Datenschutzbeauftragte:<\/p>\r\n<p style=\"text-align: justify;\">Rechtsanw\u00e4ltin\r\nDaniela Fischer\r\nStra\u00dfburger Stra\u00dfe 13\r\n10405 Berlin\r\ninfo@rechtsanwaeltinfischer.de<\/p>","_et_gb_content_width":"","footnotes":""},"class_list":["post-6188","page","type-page","status-publish","hentry"],"yoast_head":"<!-- This site is optimized with the Yoast SEO plugin v22.0 - https:\/\/yoast.com\/wordpress\/plugins\/seo\/ -->\n<title>Imprint - PAULINA&#039;S FRIENDS<\/title>\n<meta name=\"description\" content=\"Paulina\u2019s Friends is a sustainable fashion label for wearable art. World cultural heritage translated into textiles. Every human being is one of a kind.\" \/>\n<meta name=\"robots\" content=\"index, follow, max-snippet:-1, max-image-preview:large, max-video-preview:-1\" \/>\n<link rel=\"canonical\" href=\"https:\/\/www.paulinasfriends.com\/en\/imprint\/\" \/>\n<meta property=\"og:locale\" content=\"en_US\" \/>\n<meta property=\"og:type\" content=\"article\" \/>\n<meta property=\"og:title\" content=\"Imprint - PAULINA&#039;S FRIENDS\" \/>\n<meta property=\"og:description\" content=\"Paulina\u2019s Friends is a sustainable fashion label for wearable art. World cultural heritage translated into textiles. Every human being is one of a kind.\" \/>\n<meta property=\"og:url\" content=\"https:\/\/www.paulinasfriends.com\/en\/imprint\/\" \/>\n<meta property=\"og:site_name\" content=\"PAULINA&#039;S FRIENDS\" \/>\n<meta property=\"article:publisher\" content=\"https:\/\/www.facebook.com\/paulinasfriends\" \/>\n<meta property=\"article:modified_time\" content=\"2026-02-02T22:58:50+00:00\" \/>\n<meta name=\"twitter:card\" content=\"summary_large_image\" \/>\n<meta name=\"twitter:label1\" content=\"Est. reading time\" \/>\n\t<meta name=\"twitter:data1\" content=\"1 minute\" \/>\n<script type=\"application\/ld+json\" class=\"yoast-schema-graph\">{\"@context\":\"https:\/\/schema.org\",\"@graph\":[{\"@type\":\"WebPage\",\"@id\":\"https:\/\/www.paulinasfriends.com\/en\/imprint\/\",\"url\":\"https:\/\/www.paulinasfriends.com\/en\/imprint\/\",\"name\":\"Imprint - PAULINA&#039;S FRIENDS\",\"isPartOf\":{\"@id\":\"https:\/\/www.paulinasfriends.com\/#website\"},\"datePublished\":\"2016-05-31T11:43:34+00:00\",\"dateModified\":\"2026-02-02T22:58:50+00:00\",\"description\":\"Paulina\u2019s Friends is a sustainable fashion label for wearable art. World cultural heritage translated into textiles. Every human being is one of a kind.\",\"breadcrumb\":{\"@id\":\"https:\/\/www.paulinasfriends.com\/en\/imprint\/#breadcrumb\"},\"inLanguage\":\"en-US\",\"potentialAction\":[{\"@type\":\"ReadAction\",\"target\":[\"https:\/\/www.paulinasfriends.com\/en\/imprint\/\"]}]},{\"@type\":\"BreadcrumbList\",\"@id\":\"https:\/\/www.paulinasfriends.com\/en\/imprint\/#breadcrumb\",\"itemListElement\":[{\"@type\":\"ListItem\",\"position\":1,\"name\":\"Home\",\"item\":\"https:\/\/www.paulinasfriends.com\/en\/\"},{\"@type\":\"ListItem\",\"position\":2,\"name\":\"Imprint\"}]},{\"@type\":\"WebSite\",\"@id\":\"https:\/\/www.paulinasfriends.com\/#website\",\"url\":\"https:\/\/www.paulinasfriends.com\/\",\"name\":\"PAULINA'S FRIENDS\",\"description\":\"Concept Store f\u00fcr Kunst, Design &amp; Mode\",\"publisher\":{\"@id\":\"https:\/\/www.paulinasfriends.com\/#organization\"},\"potentialAction\":[{\"@type\":\"SearchAction\",\"target\":{\"@type\":\"EntryPoint\",\"urlTemplate\":\"https:\/\/www.paulinasfriends.com\/?s={search_term_string}\"},\"query-input\":\"required name=search_term_string\"}],\"inLanguage\":\"en-US\"},{\"@type\":\"Organization\",\"@id\":\"https:\/\/www.paulinasfriends.com\/#organization\",\"name\":\"Paulina's Friends\",\"url\":\"https:\/\/www.paulinasfriends.com\/\",\"logo\":{\"@type\":\"ImageObject\",\"inLanguage\":\"en-US\",\"@id\":\"https:\/\/www.paulinasfriends.com\/#\/schema\/logo\/image\/\",\"url\":\"https:\/\/www.paulinasfriends.com\/wp-content\/uploads\/2016\/07\/Logo_Copper.png\",\"contentUrl\":\"https:\/\/www.paulinasfriends.com\/wp-content\/uploads\/2016\/07\/Logo_Copper.png\",\"width\":400,\"height\":400,\"caption\":\"Paulina's Friends\"},\"image\":{\"@id\":\"https:\/\/www.paulinasfriends.com\/#\/schema\/logo\/image\/\"},\"sameAs\":[\"https:\/\/www.facebook.com\/paulinasfriends\",\"http:\/\/www.instagram.com\/paulinasfriendsfashion\",\"https:\/\/www.pinterest.de\/paulinasconcept\/\",\"https:\/\/www.youtube.com\/channel\/UC0DGWPl8g1TkqeHguu4u-cg\"]}]}<\/script>\n<!-- \/ Yoast SEO plugin. -->","yoast_head_json":{"title":"Imprint - PAULINA&#039;S FRIENDS","description":"Paulina\u2019s Friends is a sustainable fashion label for wearable art. World cultural heritage translated into textiles. Every human being is one of a kind.","robots":{"index":"index","follow":"follow","max-snippet":"max-snippet:-1","max-image-preview":"max-image-preview:large","max-video-preview":"max-video-preview:-1"},"canonical":"https:\/\/www.paulinasfriends.com\/en\/imprint\/","og_locale":"en_US","og_type":"article","og_title":"Imprint - PAULINA&#039;S FRIENDS","og_description":"Paulina\u2019s Friends is a sustainable fashion label for wearable art. World cultural heritage translated into textiles. Every human being is one of a kind.","og_url":"https:\/\/www.paulinasfriends.com\/en\/imprint\/","og_site_name":"PAULINA&#039;S FRIENDS","article_publisher":"https:\/\/www.facebook.com\/paulinasfriends","article_modified_time":"2026-02-02T22:58:50+00:00","twitter_card":"summary_large_image","twitter_misc":{"Est. reading time":"1 minute"},"schema":{"@context":"https:\/\/schema.org","@graph":[{"@type":"WebPage","@id":"https:\/\/www.paulinasfriends.com\/en\/imprint\/","url":"https:\/\/www.paulinasfriends.com\/en\/imprint\/","name":"Imprint - PAULINA&#039;S FRIENDS","isPartOf":{"@id":"https:\/\/www.paulinasfriends.com\/#website"},"datePublished":"2016-05-31T11:43:34+00:00","dateModified":"2026-02-02T22:58:50+00:00","description":"Paulina\u2019s Friends is a sustainable fashion label for wearable art. World cultural heritage translated into textiles. Every human being is one of a kind.","breadcrumb":{"@id":"https:\/\/www.paulinasfriends.com\/en\/imprint\/#breadcrumb"},"inLanguage":"en-US","potentialAction":[{"@type":"ReadAction","target":["https:\/\/www.paulinasfriends.com\/en\/imprint\/"]}]},{"@type":"BreadcrumbList","@id":"https:\/\/www.paulinasfriends.com\/en\/imprint\/#breadcrumb","itemListElement":[{"@type":"ListItem","position":1,"name":"Home","item":"https:\/\/www.paulinasfriends.com\/en\/"},{"@type":"ListItem","position":2,"name":"Imprint"}]},{"@type":"WebSite","@id":"https:\/\/www.paulinasfriends.com\/#website","url":"https:\/\/www.paulinasfriends.com\/","name":"PAULINA'S FRIENDS","description":"Concept Store f\u00fcr Kunst, Design &amp; Mode","publisher":{"@id":"https:\/\/www.paulinasfriends.com\/#organization"},"potentialAction":[{"@type":"SearchAction","target":{"@type":"EntryPoint","urlTemplate":"https:\/\/www.paulinasfriends.com\/?s={search_term_string}"},"query-input":"required name=search_term_string"}],"inLanguage":"en-US"},{"@type":"Organization","@id":"https:\/\/www.paulinasfriends.com\/#organization","name":"Paulina's Friends","url":"https:\/\/www.paulinasfriends.com\/","logo":{"@type":"ImageObject","inLanguage":"en-US","@id":"https:\/\/www.paulinasfriends.com\/#\/schema\/logo\/image\/","url":"https:\/\/www.paulinasfriends.com\/wp-content\/uploads\/2016\/07\/Logo_Copper.png","contentUrl":"https:\/\/www.paulinasfriends.com\/wp-content\/uploads\/2016\/07\/Logo_Copper.png","width":400,"height":400,"caption":"Paulina's Friends"},"image":{"@id":"https:\/\/www.paulinasfriends.com\/#\/schema\/logo\/image\/"},"sameAs":["https:\/\/www.facebook.com\/paulinasfriends","http:\/\/www.instagram.com\/paulinasfriendsfashion","https:\/\/www.pinterest.de\/paulinasconcept\/","https:\/\/www.youtube.com\/channel\/UC0DGWPl8g1TkqeHguu4u-cg"]}]}},"jetpack_sharing_enabled":true,"_links":{"self":[{"href":"https:\/\/www.paulinasfriends.com\/en\/wp-json\/wp\/v2\/pages\/6188","targetHints":{"allow":["GET"]}}],"collection":[{"href":"https:\/\/www.paulinasfriends.com\/en\/wp-json\/wp\/v2\/pages"}],"about":[{"href":"https:\/\/www.paulinasfriends.com\/en\/wp-json\/wp\/v2\/types\/page"}],"author":[{"embeddable":true,"href":"https:\/\/www.paulinasfriends.com\/en\/wp-json\/wp\/v2\/users\/1"}],"replies":[{"embeddable":true,"href":"https:\/\/www.paulinasfriends.com\/en\/wp-json\/wp\/v2\/comments?post=6188"}],"version-history":[{"count":8,"href":"https:\/\/www.paulinasfriends.com\/en\/wp-json\/wp\/v2\/pages\/6188\/revisions"}],"predecessor-version":[{"id":25579,"href":"https:\/\/www.paulinasfriends.com\/en\/wp-json\/wp\/v2\/pages\/6188\/revisions\/25579"}],"wp:attachment":[{"href":"https:\/\/www.paulinasfriends.com\/en\/wp-json\/wp\/v2\/media?parent=6188"}],"curies":[{"name":"wp","href":"https:\/\/api.w.org\/{rel}","templated":true}]}}